{"id":3,"date":"2021-07-06T18:32:18","date_gmt":"2021-07-06T21:32:18","guid":{"rendered":"https:\/\/gblinkservices.com\/?page_id=3"},"modified":"2026-02-18T13:45:05","modified_gmt":"2026-02-18T16:45:05","slug":"politica-de-privacidade","status":"publish","type":"page","link":"https:\/\/gblinkservices.com\/spanish\/politica-de-privacidade\/","title":{"rendered":"Pol\u00edtica de privacidad"},"content":{"rendered":"<h2 class=\"wp-block-heading\" id=\"h-politica-de-privacidade-privacy-policy\">POL\u00cdTICA DE PRIVACIDAD<\/h2>\n\n\n\n<p>1\ufe0f\u20e3 Qui\u00e9nes somos<\/p>\n\n\n\n<p>Global Link Consulting and Translation Services ofrece servicios certificados de traducci\u00f3n y consultor\u00eda de conformidad con el Reglamento General de Protecci\u00f3n de Datos (GDPR - Reglamento (UE) 2016\/679) y la Ley de Protecci\u00f3n de Datos de Irlanda de 2018.<\/p>\n\n\n\n<p>Global Link Consulting and Translation Services ofrece servicios certificados de traducci\u00f3n y consultor\u00eda y cumple con el Reglamento General de Protecci\u00f3n de Datos (GDPR - Reglamento (UE) 2016\/679) y la Ley Irlandesa de Protecci\u00f3n de Datos de 2018.<\/p>\n\n\n\n<p>P\u00f3ngase en contacto con<br>\ud83d\udce7 vanessa.bastos@gblinkservices.com<\/p>\n\n\n\n<p>2\ufe0f\u20e3 Datos que recopilamos<\/p>\n\n\n\n<p>Podemos recoger y tratar los siguientes datos personales:<\/p>\n\n\n\n<p>Podemos recoger y tratar los siguientes datos personales:<\/p>\n\n\n\n<ul class=\"wp-block-list\">\n<li>Nombre y apellidos<\/li>\n\n\n\n<li>Direcci\u00f3n de correo electr\u00f3nico<\/li>\n\n\n\n<li>N\u00famero de tel\u00e9fono<\/li>\n\n\n\n<li>Direcci\u00f3n postal (cuando sea necesaria)<\/li>\n\n\n\n<li>Documentos presentados para su traducci\u00f3n o asesoramiento<\/li>\n\n\n\n<li>Informaci\u00f3n necesaria para la facturaci\u00f3n y el pago \/ Informaci\u00f3n sobre facturaci\u00f3n y pago<\/li>\n\n\n\n<li>Comunicaci\u00f3n por correo electr\u00f3nico o formularios web<\/li>\n<\/ul>\n\n\n\n<p>3\ufe0f\u20e3 Finalidad del tratamiento<\/p>\n\n\n\n<p>Sus datos personales se utilizan exclusivamente para<\/p>\n\n\n\n<p>Sus datos personales se procesan \u00fanicamente para:<\/p>\n\n\n\n<ul class=\"wp-block-list\">\n<li>Prestaci\u00f3n de servicios de traducci\u00f3n jurada y asesoramiento \/ Prestaci\u00f3n de servicios de traducci\u00f3n jurada y asesoramiento<\/li>\n\n\n\n<li>Comunicaci\u00f3n relativa al servicio solicitado<\/li>\n\n\n\n<li>Emisi\u00f3n de facturas y gesti\u00f3n financiera \/ Emisi\u00f3n de facturas y gesti\u00f3n financiera<\/li>\n\n\n\n<li>Cumplimiento de las obligaciones legales y reglamentarias \/ Compliance with legal and regulatory obligations<\/li>\n<\/ul>\n\n\n\n<p>4\ufe0f\u20e3 Base jur\u00eddica<\/p>\n\n\n\n<p>Tratamos sus datos sobre la base de los siguientes fundamentos jur\u00eddicos previstos en el GDPR:<\/p>\n\n\n\n<p>Tratamos sus datos con arreglo a las siguientes bases jur\u00eddicas establecidas por el GDPR:<\/p>\n\n\n\n<ul class=\"wp-block-list\">\n<li>Ejecuci\u00f3n de un contrato<\/li>\n\n\n\n<li>Consentimiento del interesado \/ Data subject consent<\/li>\n\n\n\n<li>Cumplimiento de la obligaci\u00f3n legal \/ Legal obligation<\/li>\n\n\n\n<li>Inter\u00e9s leg\u00edtimo relacionado con la prestaci\u00f3n de servicios<\/li>\n<\/ul>\n\n\n\n<p>5\ufe0f\u20e3 Intercambio de datos<\/p>\n\n\n\n<p>Sus datos s\u00f3lo se compartir\u00e1n cuando sea estrictamente necesario con:<\/p>\n\n\n\n<p>Sus datos s\u00f3lo podr\u00e1n compartirse cuando sea estrictamente necesario con:<\/p>\n\n\n\n<ul class=\"wp-block-list\">\n<li>Traductores y revisores asociados sujetos a acuerdos de confidencialidad \/ Traductores y revisores asociados sujetos a acuerdos de confidencialidad<\/li>\n\n\n\n<li>Proveedores de servicios de procesamiento de pagos y contabilidad \/ Proveedores de servicios de procesamiento de pagos y contabilidad<\/li>\n\n\n\n<li>Autoridades legales o gubernamentales cuando as\u00ed lo exija la ley<\/li>\n<\/ul>\n\n\n\n<p>Global Link Consulting and Translation Services no vende, alquila ni comercializa datos personales.<\/p>\n\n\n\n<p>Global Link Consulting and Translation Services no vende, alquila ni intercambia datos personales.<\/p>\n\n\n\n<p>6\ufe0f\u20e3 Almacenamiento y conservaci\u00f3n<\/p>\n\n\n\n<p>Los datos se almacenan de forma segura utilizando medidas t\u00e9cnicas y organizativas adecuadas para protegerlos contra el acceso no autorizado, la p\u00e9rdida o la divulgaci\u00f3n indebida.<\/p>\n\n\n\n<p>Los datos se almacenan de forma segura utilizando las medidas t\u00e9cnicas y organizativas adecuadas para evitar el acceso no autorizado, la p\u00e9rdida o la divulgaci\u00f3n indebida.<\/p>\n\n\n\n<p>Los datos s\u00f3lo se conservar\u00e1n durante el periodo necesario para:<\/p>\n\n\n\n<p>Los datos s\u00f3lo se conservar\u00e1n durante el periodo necesario para:<\/p>\n\n\n\n<ul class=\"wp-block-list\">\n<li>Cumplir las obligaciones legales<\/li>\n\n\n\n<li>Ejecuci\u00f3n del contrato \/ Cumplimiento de las obligaciones contractuales<\/li>\n\n\n\n<li>Defensa en posibles reclamaciones legales \/ Establecer, ejercer o defender reclamaciones legales<\/li>\n<\/ul>\n\n\n\n<p>Transcurrido este plazo, los datos se eliminar\u00e1n de forma segura.<\/p>\n\n\n\n<p>Transcurrido este periodo, los datos se eliminar\u00e1n de forma segura.<\/p>\n\n\n\n<p>7\ufe0f\u20e3 Sus derechos<\/p>\n\n\n\n<p>En virtud del GDPR, usted tiene los siguientes derechos:<\/p>\n\n\n\n<p>En virtud del GDPR, usted tiene los siguientes derechos:<\/p>\n\n\n\n<ul class=\"wp-block-list\">\n<li>Derecho de acceso a sus datos personales \/ Right to access your personal data<\/li>\n\n\n\n<li>Derecho de rectificaci\u00f3n de datos inexactos \/ Right to rectification of inaccurate data<\/li>\n\n\n\n<li>Derecho de supresi\u00f3n (\u201cderecho al olvido\u201d)<\/li>\n\n\n\n<li>Derecho a la limitaci\u00f3n del tratamiento \/ Derecho a la restricci\u00f3n del tratamiento<\/li>\n\n\n\n<li>Derecho a la portabilidad de datos \/ Derecho a la portabilidad de datos<\/li>\n\n\n\n<li>Derecho a retirar el consentimiento en cualquier momento \/ Right to withdraw consent at any time<\/li>\n<\/ul>\n\n\n\n<p>Las solicitudes pueden enviarse a<br>Las solicitudes pueden enviarse a<br>\ud83d\udce7 vanessa.bastos@gblinkservices.com<\/p>\n\n\n\n<p><\/p>\n\n\n\n<p><\/p>\n\n\n\n<p><\/p>","protected":false},"excerpt":{"rendered":"<p>POL\u00cdTICA DE PRIVACIDADE \/ PRIVACY POLICY 1\ufe0f\u20e3 Quem Somos \/ Who We Are A Global Link Consulting and Translation Services atua na presta\u00e7\u00e3o de servi\u00e7os de tradu\u00e7\u00e3o certificada e consultoria, estando em conformidade com o General Data Protection Regulation (GDPR \u2013 Regulation (EU) 2016\/679) e com o Irish Data Protection Act 2018. Global Link Consulting [&hellip;]<\/p>\n","protected":false},"author":1,"featured_media":0,"parent":0,"menu_order":0,"comment_status":"closed","ping_status":"open","template":"","meta":{"_eb_attr":"","footnotes":""},"class_list":["post-3","page","type-page","status-publish","hentry"],"yoast_head":"<!-- This site is optimized with the Yoast SEO Premium plugin v26.3 (Yoast SEO v27.4) - https:\/\/yoast.com\/product\/yoast-seo-premium-wordpress\/ -->\n<title>Pol\u00edtica de Privacidade - GB Link Services<\/title>\n<meta name=\"robots\" content=\"index, follow, max-snippet:-1, max-image-preview:large, max-video-preview:-1\" \/>\n<link rel=\"canonical\" href=\"https:\/\/gblinkservices.com\/spanish\/politica-de-privacidade\/\" \/>\n<meta property=\"og:locale\" content=\"es_ES\" \/>\n<meta property=\"og:type\" content=\"article\" \/>\n<meta property=\"og:title\" content=\"Pol\u00edtica de Privacidade\" \/>\n<meta property=\"og:description\" content=\"POL\u00cdTICA DE PRIVACIDADE \/ PRIVACY POLICY 1\ufe0f\u20e3 Quem Somos \/ Who We Are A Global Link Consulting and Translation Services atua na presta\u00e7\u00e3o de servi\u00e7os de tradu\u00e7\u00e3o certificada e consultoria, estando em conformidade com o General Data Protection Regulation (GDPR \u2013 Regulation (EU) 2016\/679) e com o Irish Data Protection Act 2018. Global Link Consulting [&hellip;]\" \/>\n<meta property=\"og:url\" content=\"https:\/\/gblinkservices.com\/spanish\/politica-de-privacidade\/\" \/>\n<meta property=\"og:site_name\" content=\"GB Link Services\" \/>\n<meta property=\"article:modified_time\" content=\"2026-02-18T16:45:05+00:00\" \/>\n<meta name=\"twitter:card\" content=\"summary_large_image\" \/>\n<meta name=\"twitter:label1\" content=\"Tiempo de lectura\" \/>\n\t<meta name=\"twitter:data1\" content=\"3 minutos\" \/>\n<script type=\"application\/ld+json\" class=\"yoast-schema-graph\">{\"@context\":\"https:\\\/\\\/schema.org\",\"@graph\":[{\"@type\":\"WebPage\",\"@id\":\"https:\\\/\\\/gblinkservices.com\\\/politica-de-privacidade\\\/\",\"url\":\"https:\\\/\\\/gblinkservices.com\\\/politica-de-privacidade\\\/\",\"name\":\"Pol\u00edtica de Privacidade - GB Link Services\",\"isPartOf\":{\"@id\":\"https:\\\/\\\/gblinkservices.com\\\/#website\"},\"datePublished\":\"2021-07-06T21:32:18+00:00\",\"dateModified\":\"2026-02-18T16:45:05+00:00\",\"breadcrumb\":{\"@id\":\"https:\\\/\\\/gblinkservices.com\\\/politica-de-privacidade\\\/#breadcrumb\"},\"inLanguage\":\"es\",\"potentialAction\":[{\"@type\":\"ReadAction\",\"target\":[\"https:\\\/\\\/gblinkservices.com\\\/politica-de-privacidade\\\/\"]}]},{\"@type\":\"BreadcrumbList\",\"@id\":\"https:\\\/\\\/gblinkservices.com\\\/politica-de-privacidade\\\/#breadcrumb\",\"itemListElement\":[{\"@type\":\"ListItem\",\"position\":1,\"name\":\"Home\",\"item\":\"https:\\\/\\\/gblinkservices.com\\\/\"},{\"@type\":\"ListItem\",\"position\":2,\"name\":\"Pol\u00edtica de Privacidade\"}]},{\"@type\":\"WebSite\",\"@id\":\"https:\\\/\\\/gblinkservices.com\\\/#website\",\"url\":\"https:\\\/\\\/gblinkservices.com\\\/\",\"name\":\"Global Link Services\",\"description\":\"Consulting and Translation Services\",\"publisher\":{\"@id\":\"https:\\\/\\\/gblinkservices.com\\\/#organization\"},\"potentialAction\":[{\"@type\":\"SearchAction\",\"target\":{\"@type\":\"EntryPoint\",\"urlTemplate\":\"https:\\\/\\\/gblinkservices.com\\\/?s={search_term_string}\"},\"query-input\":{\"@type\":\"PropertyValueSpecification\",\"valueRequired\":true,\"valueName\":\"search_term_string\"}}],\"inLanguage\":\"es\"},{\"@type\":\"Organization\",\"@id\":\"https:\\\/\\\/gblinkservices.com\\\/#organization\",\"name\":\"Global Link Services\",\"url\":\"https:\\\/\\\/gblinkservices.com\\\/\",\"logo\":{\"@type\":\"ImageObject\",\"inLanguage\":\"es\",\"@id\":\"https:\\\/\\\/gblinkservices.com\\\/#\\\/schema\\\/logo\\\/image\\\/\",\"url\":\"https:\\\/\\\/gblinkservices.com\\\/wp-content\\\/uploads\\\/2021\\\/08\\\/Global-Link-Logo-1.png\",\"contentUrl\":\"https:\\\/\\\/gblinkservices.com\\\/wp-content\\\/uploads\\\/2021\\\/08\\\/Global-Link-Logo-1.png\",\"width\":2244,\"height\":1443,\"caption\":\"Global Link Services\"},\"image\":{\"@id\":\"https:\\\/\\\/gblinkservices.com\\\/#\\\/schema\\\/logo\\\/image\\\/\"},\"sameAs\":[\"https:\\\/\\\/www.instagram.com\\\/gblinkservices\\\/\"]}]}<\/script>\n<!-- \/ Yoast SEO Premium plugin. -->","yoast_head_json":{"title":"Pol\u00edtica de privacidad - GB Link Services","robots":{"index":"index","follow":"follow","max-snippet":"max-snippet:-1","max-image-preview":"max-image-preview:large","max-video-preview":"max-video-preview:-1"},"canonical":"https:\/\/gblinkservices.com\/spanish\/politica-de-privacidade\/","og_locale":"es_ES","og_type":"article","og_title":"Pol\u00edtica de Privacidade","og_description":"POL\u00cdTICA DE PRIVACIDADE \/ PRIVACY POLICY 1\ufe0f\u20e3 Quem Somos \/ Who We Are A Global Link Consulting and Translation Services atua na presta\u00e7\u00e3o de servi\u00e7os de tradu\u00e7\u00e3o certificada e consultoria, estando em conformidade com o General Data Protection Regulation (GDPR \u2013 Regulation (EU) 2016\/679) e com o Irish Data Protection Act 2018. Global Link Consulting [&hellip;]","og_url":"https:\/\/gblinkservices.com\/spanish\/politica-de-privacidade\/","og_site_name":"GB Link Services","article_modified_time":"2026-02-18T16:45:05+00:00","twitter_card":"summary_large_image","twitter_misc":{"Tiempo de lectura":"3 minutos"},"schema":{"@context":"https:\/\/schema.org","@graph":[{"@type":"WebPage","@id":"https:\/\/gblinkservices.com\/politica-de-privacidade\/","url":"https:\/\/gblinkservices.com\/politica-de-privacidade\/","name":"Pol\u00edtica de privacidad - GB Link Services","isPartOf":{"@id":"https:\/\/gblinkservices.com\/#website"},"datePublished":"2021-07-06T21:32:18+00:00","dateModified":"2026-02-18T16:45:05+00:00","breadcrumb":{"@id":"https:\/\/gblinkservices.com\/politica-de-privacidade\/#breadcrumb"},"inLanguage":"es","potentialAction":[{"@type":"ReadAction","target":["https:\/\/gblinkservices.com\/politica-de-privacidade\/"]}]},{"@type":"BreadcrumbList","@id":"https:\/\/gblinkservices.com\/politica-de-privacidade\/#breadcrumb","itemListElement":[{"@type":"ListItem","position":1,"name":"Home","item":"https:\/\/gblinkservices.com\/"},{"@type":"ListItem","position":2,"name":"Pol\u00edtica de Privacidade"}]},{"@type":"WebSite","@id":"https:\/\/gblinkservices.com\/#website","url":"https:\/\/gblinkservices.com\/","name":"Servicios de enlace global","description":"Servicios de consultor\u00eda y traducci\u00f3n","publisher":{"@id":"https:\/\/gblinkservices.com\/#organization"},"potentialAction":[{"@type":"SearchAction","target":{"@type":"EntryPoint","urlTemplate":"https:\/\/gblinkservices.com\/?s={search_term_string}"},"query-input":{"@type":"PropertyValueSpecification","valueRequired":true,"valueName":"search_term_string"}}],"inLanguage":"es"},{"@type":"Organization","@id":"https:\/\/gblinkservices.com\/#organization","name":"Servicios de enlace global","url":"https:\/\/gblinkservices.com\/","logo":{"@type":"ImageObject","inLanguage":"es","@id":"https:\/\/gblinkservices.com\/#\/schema\/logo\/image\/","url":"https:\/\/gblinkservices.com\/wp-content\/uploads\/2021\/08\/Global-Link-Logo-1.png","contentUrl":"https:\/\/gblinkservices.com\/wp-content\/uploads\/2021\/08\/Global-Link-Logo-1.png","width":2244,"height":1443,"caption":"Global Link Services"},"image":{"@id":"https:\/\/gblinkservices.com\/#\/schema\/logo\/image\/"},"sameAs":["https:\/\/www.instagram.com\/gblinkservices\/"]}]}},"_links":{"self":[{"href":"https:\/\/gblinkservices.com\/spanish\/wp-json\/wp\/v2\/pages\/3","targetHints":{"allow":["GET"]}}],"collection":[{"href":"https:\/\/gblinkservices.com\/spanish\/wp-json\/wp\/v2\/pages"}],"about":[{"href":"https:\/\/gblinkservices.com\/spanish\/wp-json\/wp\/v2\/types\/page"}],"author":[{"embeddable":true,"href":"https:\/\/gblinkservices.com\/spanish\/wp-json\/wp\/v2\/users\/1"}],"replies":[{"embeddable":true,"href":"https:\/\/gblinkservices.com\/spanish\/wp-json\/wp\/v2\/comments?post=3"}],"version-history":[{"count":3,"href":"https:\/\/gblinkservices.com\/spanish\/wp-json\/wp\/v2\/pages\/3\/revisions"}],"predecessor-version":[{"id":1418,"href":"https:\/\/gblinkservices.com\/spanish\/wp-json\/wp\/v2\/pages\/3\/revisions\/1418"}],"wp:attachment":[{"href":"https:\/\/gblinkservices.com\/spanish\/wp-json\/wp\/v2\/media?parent=3"}],"curies":[{"name":"wp","href":"https:\/\/api.w.org\/{rel}","templated":true}]}}